{"id":212,"date":"2018-11-20T16:54:48","date_gmt":"2018-11-20T15:54:48","guid":{"rendered":"http:\/\/pattymoussali.com\/?page_id=212"},"modified":"2021-09-02T04:22:00","modified_gmt":"2021-09-02T02:22:00","slug":"airwar","status":"publish","type":"page","link":"https:\/\/pattymoussali.com\/index.php\/airwar\/","title":{"rendered":"airwar"},"content":{"rendered":"\n\t\t<style type=\"text\/css\">\n\t\t\t#gallery-1 {\n\t\t\t\tmargin: auto;\n\t\t\t}\n\t\t\t#gallery-1 .gallery-item {\n\t\t\t\tfloat: left;\n\t\t\t\tmargin-top: 10px;\n\t\t\t\ttext-align: center;\n\t\t\t\twidth: 100%;\n\t\t\t}\n\t\t\t#gallery-1 img {\n\t\t\t\tborder: 2px solid #cfcfcf;\n\t\t\t}\n\t\t\t#gallery-1 .gallery-caption {\n\t\t\t\tmargin-left: 0;\n\t\t\t}\n\t\t\t\/* see gallery_shortcode() in wp-includes\/media.php *\/\n\t\t<\/style>\n\t\t<div id='gallery-1' class='gallery galleryid-212 gallery-columns-1 gallery-size-large'><dl class='gallery-item'>\n\t\t\t<dt class='gallery-icon landscape'>\n\t\t\t\t<a class=\"thumbnail\" href='https:\/\/pattymoussali.com\/wp-content\/uploads\/2018\/11\/09-3431.jpg'><img width=\"1024\" height=\"683\" src=\"https:\/\/pattymoussali.com\/wp-content\/uploads\/2018\/11\/09-3431-1024x683.jpg\" class=\"attachment-large size-large\" alt=\"\" loading=\"lazy\" srcset=\"https:\/\/pattymoussali.com\/wp-content\/uploads\/2018\/11\/09-3431-1024x683.jpg 1024w, https:\/\/pattymoussali.com\/wp-content\/uploads\/2018\/11\/09-3431-300x200.jpg 300w, https:\/\/pattymoussali.com\/wp-content\/uploads\/2018\/11\/09-3431-768x512.jpg 768w, https:\/\/pattymoussali.com\/wp-content\/uploads\/2018\/11\/09-3431.jpg 1051w\" sizes=\"(max-width: 1024px) 100vw, 1024px\" \/><\/a>\n\t\t\t<\/dt><\/dl><br style=\"clear: both\" \/><dl class='gallery-item'>\n\t\t\t<dt class='gallery-icon landscape'>\n\t\t\t\t<a class=\"thumbnail\" href='https:\/\/pattymoussali.com\/wp-content\/uploads\/2018\/11\/05-3173.jpg'><img width=\"1024\" height=\"683\" src=\"https:\/\/pattymoussali.com\/wp-content\/uploads\/2018\/11\/05-3173-1024x683.jpg\" class=\"attachment-large size-large\" alt=\"\" loading=\"lazy\" srcset=\"https:\/\/pattymoussali.com\/wp-content\/uploads\/2018\/11\/05-3173-1024x683.jpg 1024w, https:\/\/pattymoussali.com\/wp-content\/uploads\/2018\/11\/05-3173-300x200.jpg 300w, https:\/\/pattymoussali.com\/wp-content\/uploads\/2018\/11\/05-3173-768x512.jpg 768w, https:\/\/pattymoussali.com\/wp-content\/uploads\/2018\/11\/05-3173.jpg 1051w\" sizes=\"(max-width: 1024px) 100vw, 1024px\" \/><\/a>\n\t\t\t<\/dt><\/dl><br style=\"clear: both\" \/><dl class='gallery-item'>\n\t\t\t<dt class='gallery-icon landscape'>\n\t\t\t\t<a class=\"thumbnail\" href='https:\/\/pattymoussali.com\/wp-content\/uploads\/2018\/11\/04-3536.jpg'><img width=\"1024\" height=\"683\" src=\"https:\/\/pattymoussali.com\/wp-content\/uploads\/2018\/11\/04-3536-1024x683.jpg\" class=\"attachment-large size-large\" alt=\"\" loading=\"lazy\" srcset=\"https:\/\/pattymoussali.com\/wp-content\/uploads\/2018\/11\/04-3536-1024x683.jpg 1024w, https:\/\/pattymoussali.com\/wp-content\/uploads\/2018\/11\/04-3536-300x200.jpg 300w, https:\/\/pattymoussali.com\/wp-content\/uploads\/2018\/11\/04-3536-768x512.jpg 768w, https:\/\/pattymoussali.com\/wp-content\/uploads\/2018\/11\/04-3536.jpg 1051w\" sizes=\"(max-width: 1024px) 100vw, 1024px\" \/><\/a>\n\t\t\t<\/dt><\/dl><br style=\"clear: both\" \/><dl class='gallery-item'>\n\t\t\t<dt class='gallery-icon landscape'>\n\t\t\t\t<a class=\"thumbnail\" href='https:\/\/pattymoussali.com\/wp-content\/uploads\/2018\/11\/11-3456.jpg'><img width=\"1024\" height=\"683\" src=\"https:\/\/pattymoussali.com\/wp-content\/uploads\/2018\/11\/11-3456-1024x683.jpg\" class=\"attachment-large size-large\" alt=\"\" loading=\"lazy\" srcset=\"https:\/\/pattymoussali.com\/wp-content\/uploads\/2018\/11\/11-3456-1024x683.jpg 1024w, https:\/\/pattymoussali.com\/wp-content\/uploads\/2018\/11\/11-3456-300x200.jpg 300w, https:\/\/pattymoussali.com\/wp-content\/uploads\/2018\/11\/11-3456-768x512.jpg 768w, https:\/\/pattymoussali.com\/wp-content\/uploads\/2018\/11\/11-3456.jpg 1051w\" sizes=\"(max-width: 1024px) 100vw, 1024px\" \/><\/a>\n\t\t\t<\/dt><\/dl><br style=\"clear: both\" \/><dl class='gallery-item'>\n\t\t\t<dt class='gallery-icon landscape'>\n\t\t\t\t<a class=\"thumbnail\" href='https:\/\/pattymoussali.com\/wp-content\/uploads\/2018\/11\/07-3322.jpg'><img width=\"1024\" height=\"683\" src=\"https:\/\/pattymoussali.com\/wp-content\/uploads\/2018\/11\/07-3322-1024x683.jpg\" class=\"attachment-large size-large\" alt=\"\" loading=\"lazy\" srcset=\"https:\/\/pattymoussali.com\/wp-content\/uploads\/2018\/11\/07-3322-1024x683.jpg 1024w, https:\/\/pattymoussali.com\/wp-content\/uploads\/2018\/11\/07-3322-300x200.jpg 300w, https:\/\/pattymoussali.com\/wp-content\/uploads\/2018\/11\/07-3322-768x512.jpg 768w, https:\/\/pattymoussali.com\/wp-content\/uploads\/2018\/11\/07-3322.jpg 1051w\" sizes=\"(max-width: 1024px) 100vw, 1024px\" \/><\/a>\n\t\t\t<\/dt><\/dl><br style=\"clear: both\" \/><dl class='gallery-item'>\n\t\t\t<dt class='gallery-icon landscape'>\n\t\t\t\t<a class=\"thumbnail\" href='https:\/\/pattymoussali.com\/wp-content\/uploads\/2018\/11\/16-3580.jpg'><img width=\"1024\" height=\"683\" src=\"https:\/\/pattymoussali.com\/wp-content\/uploads\/2018\/11\/16-3580-1024x683.jpg\" class=\"attachment-large size-large\" alt=\"\" loading=\"lazy\" srcset=\"https:\/\/pattymoussali.com\/wp-content\/uploads\/2018\/11\/16-3580-1024x683.jpg 1024w, https:\/\/pattymoussali.com\/wp-content\/uploads\/2018\/11\/16-3580-300x200.jpg 300w, https:\/\/pattymoussali.com\/wp-content\/uploads\/2018\/11\/16-3580-768x512.jpg 768w, https:\/\/pattymoussali.com\/wp-content\/uploads\/2018\/11\/16-3580.jpg 1051w\" sizes=\"(max-width: 1024px) 100vw, 1024px\" \/><\/a>\n\t\t\t<\/dt><\/dl><br style=\"clear: both\" \/><dl class='gallery-item'>\n\t\t\t<dt class='gallery-icon landscape'>\n\t\t\t\t<a class=\"thumbnail\" href='https:\/\/pattymoussali.com\/wp-content\/uploads\/2018\/11\/10-3449.jpg'><img width=\"1024\" height=\"683\" src=\"https:\/\/pattymoussali.com\/wp-content\/uploads\/2018\/11\/10-3449-1024x683.jpg\" class=\"attachment-large size-large\" alt=\"\" loading=\"lazy\" srcset=\"https:\/\/pattymoussali.com\/wp-content\/uploads\/2018\/11\/10-3449-1024x683.jpg 1024w, https:\/\/pattymoussali.com\/wp-content\/uploads\/2018\/11\/10-3449-300x200.jpg 300w, https:\/\/pattymoussali.com\/wp-content\/uploads\/2018\/11\/10-3449-768x512.jpg 768w, https:\/\/pattymoussali.com\/wp-content\/uploads\/2018\/11\/10-3449.jpg 1051w\" sizes=\"(max-width: 1024px) 100vw, 1024px\" \/><\/a>\n\t\t\t<\/dt><\/dl><br style=\"clear: both\" \/><dl class='gallery-item'>\n\t\t\t<dt class='gallery-icon landscape'>\n\t\t\t\t<a class=\"thumbnail\" href='https:\/\/pattymoussali.com\/wp-content\/uploads\/2018\/11\/01-3379.jpg'><img width=\"1024\" height=\"683\" src=\"https:\/\/pattymoussali.com\/wp-content\/uploads\/2018\/11\/01-3379-1024x683.jpg\" class=\"attachment-large size-large\" alt=\"\" loading=\"lazy\" srcset=\"https:\/\/pattymoussali.com\/wp-content\/uploads\/2018\/11\/01-3379-1024x683.jpg 1024w, https:\/\/pattymoussali.com\/wp-content\/uploads\/2018\/11\/01-3379-300x200.jpg 300w, https:\/\/pattymoussali.com\/wp-content\/uploads\/2018\/11\/01-3379-768x512.jpg 768w, https:\/\/pattymoussali.com\/wp-content\/uploads\/2018\/11\/01-3379.jpg 1051w\" sizes=\"(max-width: 1024px) 100vw, 1024px\" \/><\/a>\n\t\t\t<\/dt><\/dl><br style=\"clear: both\" \/><dl class='gallery-item'>\n\t\t\t<dt class='gallery-icon landscape'>\n\t\t\t\t<a class=\"thumbnail\" href='https:\/\/pattymoussali.com\/wp-content\/uploads\/2018\/11\/02-3326.jpg'><img width=\"1024\" height=\"683\" src=\"https:\/\/pattymoussali.com\/wp-content\/uploads\/2018\/11\/02-3326-1024x683.jpg\" class=\"attachment-large size-large\" alt=\"\" loading=\"lazy\" srcset=\"https:\/\/pattymoussali.com\/wp-content\/uploads\/2018\/11\/02-3326-1024x683.jpg 1024w, https:\/\/pattymoussali.com\/wp-content\/uploads\/2018\/11\/02-3326-300x200.jpg 300w, https:\/\/pattymoussali.com\/wp-content\/uploads\/2018\/11\/02-3326-768x512.jpg 768w, https:\/\/pattymoussali.com\/wp-content\/uploads\/2018\/11\/02-3326.jpg 1051w\" sizes=\"(max-width: 1024px) 100vw, 1024px\" \/><\/a>\n\t\t\t<\/dt><\/dl><br style=\"clear: both\" \/><dl class='gallery-item'>\n\t\t\t<dt class='gallery-icon landscape'>\n\t\t\t\t<a class=\"thumbnail\" href='https:\/\/pattymoussali.com\/wp-content\/uploads\/2018\/11\/08-3425.jpg'><img width=\"1024\" height=\"683\" src=\"https:\/\/pattymoussali.com\/wp-content\/uploads\/2018\/11\/08-3425-1024x683.jpg\" class=\"attachment-large size-large\" alt=\"\" loading=\"lazy\" srcset=\"https:\/\/pattymoussali.com\/wp-content\/uploads\/2018\/11\/08-3425-1024x683.jpg 1024w, https:\/\/pattymoussali.com\/wp-content\/uploads\/2018\/11\/08-3425-300x200.jpg 300w, https:\/\/pattymoussali.com\/wp-content\/uploads\/2018\/11\/08-3425-768x512.jpg 768w, https:\/\/pattymoussali.com\/wp-content\/uploads\/2018\/11\/08-3425.jpg 1051w\" sizes=\"(max-width: 1024px) 100vw, 1024px\" \/><\/a>\n\t\t\t<\/dt><\/dl><br style=\"clear: both\" \/><dl class='gallery-item'>\n\t\t\t<dt class='gallery-icon landscape'>\n\t\t\t\t<a class=\"thumbnail\" href='https:\/\/pattymoussali.com\/wp-content\/uploads\/2018\/11\/03-3191.jpg'><img width=\"1024\" height=\"683\" src=\"https:\/\/pattymoussali.com\/wp-content\/uploads\/2018\/11\/03-3191-1024x683.jpg\" class=\"attachment-large size-large\" alt=\"\" loading=\"lazy\" srcset=\"https:\/\/pattymoussali.com\/wp-content\/uploads\/2018\/11\/03-3191-1024x683.jpg 1024w, https:\/\/pattymoussali.com\/wp-content\/uploads\/2018\/11\/03-3191-300x200.jpg 300w, https:\/\/pattymoussali.com\/wp-content\/uploads\/2018\/11\/03-3191-768x512.jpg 768w, https:\/\/pattymoussali.com\/wp-content\/uploads\/2018\/11\/03-3191.jpg 1051w\" sizes=\"(max-width: 1024px) 100vw, 1024px\" \/><\/a>\n\t\t\t<\/dt><\/dl><br style=\"clear: both\" \/>\n\t\t<\/div>\n\n<p style=\"text-align: center;\">Au travers de cette s\u00e9rie de photographies intitul\u00e9e &#8220;airwar&#8221;, j&#8217;ai souhait\u00e9 aborder le th\u00e8me de la f\u00e9minit\u00e9 en tentant de saisir le fragile \u00e9quilibre entre la libert\u00e9 du corps et l&#8217;emprise du v\u00eatement.<\/p>\n<p style=\"text-align: center;\">On peut y d\u00e9couvrir une mod\u00e8le qui met en sc\u00e8ne son corps, joue avec son image, s&#8217;amuse de ses mouvements selon l&#8217;id\u00e9e que lui dessine les v\u00eatements. J&#8217;ai imagin\u00e9 une ambivalence entre la disparition de son visage et le corps qui s&#8217;identifie \u00e0 travers des poses \u00e9vocatrices possibles gr\u00e2ce \u00e0 la tenue.<\/p>\n<p style=\"text-align: center;\">L&#8217;objectif de la s\u00e9rie est de capturer le mouvement du corps f\u00e9minin contraint et d\u00e9voil\u00e9 par les caract\u00e9ristiques li\u00e9es \u00e0 un v\u00eatement s\u00e9lectionn\u00e9 (mat\u00e9rialit\u00e9, s\u00e9mantique et morphologie). La volont\u00e9 d&#8217;exprimer sa f\u00e9minit\u00e9 est abord\u00e9e ici par la stratification des images, de la sensualit\u00e9 ou de la brutalit\u00e9 qui peut en ressortir.<\/p>\n<p style=\"text-align: center;\">J&#8217;ai d\u00e9sir\u00e9 une s\u00e9rie intemporelle et une lecture des photographies facilit\u00e9e par l&#8217;absence chromatique d&#8217;o\u00f9 l&#8217;utilisation du noir et blanc.<\/p>\n<p style=\"text-align: center;\">Cette s\u00e9rie a \u00e9t\u00e9 r\u00e9alis\u00e9 fin 2007 \u00e0 Paris, avec l&#8217;aide de la styliste Estelle Dev\u00e9 puis a \u00e9t\u00e9 s\u00e9lectionn\u00e9e lors de l&#8217;\u00e9dition 2008 du prix Picto de la Jeune Photographie de Mode.<\/p>\n","protected":false},"excerpt":{"rendered":"<p>Au travers de cette s\u00e9rie de photographies intitul\u00e9e &#8220;airwar&#8221;, j&#8217;ai souhait\u00e9 aborder le th\u00e8me de la f\u00e9minit\u00e9 en tentant de saisir le fragile \u00e9quilibre entre la libert\u00e9 du corps et l&#8217;emprise du v\u00eatement. On peut y d\u00e9couvrir une mod\u00e8le qui &hellip; <a href=\"https:\/\/pattymoussali.com\/index.php\/airwar\/\">Continued<\/a><\/p>\n","protected":false},"author":1,"featured_media":0,"parent":0,"menu_order":0,"comment_status":"closed","ping_status":"closed","template":"page-fullwidth.php","meta":[],"_links":{"self":[{"href":"https:\/\/pattymoussali.com\/index.php\/wp-json\/wp\/v2\/pages\/212"}],"collection":[{"href":"https:\/\/pattymoussali.com\/index.php\/wp-json\/wp\/v2\/pages"}],"about":[{"href":"https:\/\/pattymoussali.com\/index.php\/wp-json\/wp\/v2\/types\/page"}],"author":[{"embeddable":true,"href":"https:\/\/pattymoussali.com\/index.php\/wp-json\/wp\/v2\/users\/1"}],"replies":[{"embeddable":true,"href":"https:\/\/pattymoussali.com\/index.php\/wp-json\/wp\/v2\/comments?post=212"}],"version-history":[{"count":6,"href":"https:\/\/pattymoussali.com\/index.php\/wp-json\/wp\/v2\/pages\/212\/revisions"}],"predecessor-version":[{"id":1689,"href":"https:\/\/pattymoussali.com\/index.php\/wp-json\/wp\/v2\/pages\/212\/revisions\/1689"}],"wp:attachment":[{"href":"https:\/\/pattymoussali.com\/index.php\/wp-json\/wp\/v2\/media?parent=212"}],"curies":[{"name":"wp","href":"https:\/\/api.w.org\/{rel}","templated":true}]}}